{"id":4647,"date":"2016-08-31T12:16:44","date_gmt":"2016-08-31T15:16:44","guid":{"rendered":"https:\/\/proyesco.com\/?page_id=4647"},"modified":"2016-10-05T12:56:13","modified_gmt":"2016-10-05T15:56:13","slug":"company","status":"publish","type":"page","link":"https:\/\/proyesco.com\/en\/about-us\/","title":{"rendered":"About Us"},"content":{"rendered":"<p>[et_pb_section admin_label=&#8221;Section&#8221; fullwidth=&#8221;off&#8221; specialty=&#8221;off&#8221; transparent_background=&#8221;off&#8221; background_color=&#8221;#ffffff&#8221; allow_player_pause=&#8221;off&#8221; inner_shadow=&#8221;off&#8221; parallax=&#8221;off&#8221; parallax_method=&#8221;off&#8221; padding_mobile=&#8221;on&#8221; make_fullwidth=&#8221;off&#8221; use_custom_width=&#8221;off&#8221; width_unit=&#8221;on&#8221; make_equal=&#8221;off&#8221; use_custom_gutter=&#8221;off&#8221; module_class=&#8221;empresa&#8221; custom_padding_last_edited=&#8221;on|desktop&#8221; custom_padding_phone=&#8221;60px||23px|&#8221; custom_padding=&#8221;||0px|&#8221;][et_pb_row admin_label=&#8221;Row&#8221; make_fullwidth=&#8221;off&#8221; use_custom_width=&#8221;off&#8221; width_unit=&#8221;on&#8221; use_custom_gutter=&#8221;off&#8221; padding_mobile=&#8221;off&#8221; disabled=&#8221;off&#8221; disabled_on=&#8221;on|off|&#8221; allow_player_pause=&#8221;off&#8221; parallax=&#8221;off&#8221; parallax_method=&#8221;off&#8221; make_equal=&#8221;off&#8221; parallax_1=&#8221;off&#8221; parallax_method_1=&#8221;off&#8221; parallax_2=&#8221;off&#8221; parallax_method_2=&#8221;off&#8221; column_padding_mobile=&#8221;on&#8221;][et_pb_column type=&#8221;1_2&#8243;][et_pb_text admin_label=&#8221;Text&#8221; background_layout=&#8221;light&#8221; text_orientation=&#8221;left&#8221; header_text_color=&#8221;#079a97&#8243; text_text_color=&#8221;#5e5e5e&#8221; use_border_color=&#8221;off&#8221; border_color=&#8221;#ffffff&#8221; border_style=&#8221;solid&#8221; custom_css_main_element=&#8221;font-family: %22Montserrat Light%22,Verdana,Geneva,sans-serif;&#8221; header_font=&#8221;Montserrat|on|||&#8221; header_font_size=&#8221;64px&#8221; text_font=&#8221;Montserrat||||&#8221; text_font_size=&#8221;18&#8243;]<\/p>\n<h1>About us<\/h1>\n<p>We are a company that was born in Argentina in 1986 to provide solutions for the energy industry. Over the years, we expanded regionally, serving the same market segment in other countries.<\/p>\n<p>In 2009, following to the new demand of the industry, we\u00a0began to develop technology integration projects for the energy industry.<\/p>\n<p>Today, all\u00a0technologies come together in the IP world, we are prepared to achieve the synergy of all our areas, facing any kind of technological challenge, working with our engineers and specialists in communications systems, SCADA systems, data networks and industrial security.<\/p>\n<p>The energy industry is moving strongly towards renewable energy solutions, where technology plays an important role. We are there, pointing not only to the inclusion of these technologies in our projects, but also to the development of power generation projects.<\/p>\n<p>We are Proyesco. We know how to do it.<\/p>\n<p>[\/et_pb_text][\/et_pb_column][et_pb_column type=&#8221;1_2&#8243;][et_pb_text admin_label=&#8221;Text&#8221; background_layout=&#8221;light&#8221; text_orientation=&#8221;left&#8221; header_font=&#8221;Montserrat|on|||&#8221; header_font_size=&#8221;32px&#8221; header_text_color=&#8221;#079a97&#8243; use_border_color=&#8221;off&#8221; border_color=&#8221;#ffffff&#8221; border_style=&#8221;solid&#8221;]<\/p>\n<h2 class=\"box_green\">In 2009, following to the new demand of the industry, we\u00a0began to develop technology integration projects for the energy industry.<\/h2>\n<p>[\/et_pb_text][\/et_pb_column][\/et_pb_row][et_pb_row admin_label=&#8221;Row&#8221; make_fullwidth=&#8221;off&#8221; use_custom_width=&#8221;off&#8221; width_unit=&#8221;on&#8221; use_custom_gutter=&#8221;off&#8221; padding_mobile=&#8221;on&#8221; disabled=&#8221;off&#8221; disabled_on=&#8221;|on|on&#8221; custom_margin=&#8221;0px|||&#8221; allow_player_pause=&#8221;off&#8221; parallax=&#8221;off&#8221; parallax_method=&#8221;off&#8221; make_equal=&#8221;off&#8221; parallax_1=&#8221;off&#8221; parallax_method_1=&#8221;off&#8221; parallax_2=&#8221;off&#8221; parallax_method_2=&#8221;off&#8221; column_padding_mobile=&#8221;on&#8221; custom_padding=&#8221;0px|||&#8221;][et_pb_column type=&#8221;1_2&#8243;][et_pb_text admin_label=&#8221;Text&#8221; background_layout=&#8221;light&#8221; text_orientation=&#8221;left&#8221; header_text_color=&#8221;#079a97&#8243; text_text_color=&#8221;#5e5e5e&#8221; use_border_color=&#8221;off&#8221; border_color=&#8221;#ffffff&#8221; border_style=&#8221;solid&#8221; custom_css_main_element=&#8221;font-family: %22Montserrat Light%22,Verdana,Geneva,sans-serif;&#8221; header_font=&#8221;Montserrat|on|||&#8221; text_font=&#8221;Montserrat||||&#8221; text_font_size=&#8221;18&#8243;]<\/p>\n<h1>About us<\/h1>\n<p>We are a company that was born in Argentina in 1986 to provide solutions for the energy industry. Over the years, we expanded regionally, serving the same market segment in other countries.<\/p>\n<p>In 2009, following to the new demand of the industry, we\u00a0began to develop technology integration projects for the energy industry.<\/p>\n<p>Today, all\u00a0technologies come together in the IP world, we are prepared to achieve the synergy of all our areas, facing any kind of technological challenge, working with our engineers and specialists in communications systems, SCADA systems, data networks and industrial security.<\/p>\n<p>The energy industry is moving strongly towards renewable energy solutions, where technology plays an important role. We are there, pointing not only to the inclusion of these technologies in our projects, but also to the development of power generation projects.<\/p>\n<p>We are Proyesco. We know how to do it.<\/p>\n<p>[\/et_pb_text][\/et_pb_column][et_pb_column type=&#8221;1_2&#8243;][et_pb_text admin_label=&#8221;Text&#8221; background_layout=&#8221;light&#8221; text_orientation=&#8221;left&#8221; header_font=&#8221;Montserrat|on|||&#8221; header_text_color=&#8221;#079a97&#8243; use_border_color=&#8221;off&#8221; border_color=&#8221;#ffffff&#8221; border_style=&#8221;solid&#8221;]<\/p>\n<h2 class=\"box_green\">In 2009, following to the new demand of the industry, we\u00a0began to develop technology integration projects for the energy industry.<\/h2>\n<p>[\/et_pb_text][\/et_pb_column][\/et_pb_row][\/et_pb_section][et_pb_section admin_label=&#8221;section&#8221; fullwidth=&#8221;off&#8221; specialty=&#8221;off&#8221; transparent_background=&#8221;off&#8221; background_color=&#8221;#ffffff&#8221; allow_player_pause=&#8221;off&#8221; inner_shadow=&#8221;off&#8221; parallax=&#8221;off&#8221; parallax_method=&#8221;off&#8221; padding_mobile=&#8221;on&#8221; make_fullwidth=&#8221;off&#8221; use_custom_width=&#8221;off&#8221; width_unit=&#8221;on&#8221; make_equal=&#8221;off&#8221; use_custom_gutter=&#8221;off&#8221; custom_padding=&#8221;0px|||&#8221; module_class=&#8221;empresa_equipo&#8221; disabled=&#8221;off&#8221; disabled_on=&#8221;off||&#8221;][et_pb_row admin_label=&#8221;Row&#8221; make_fullwidth=&#8221;off&#8221; use_custom_width=&#8221;off&#8221; width_unit=&#8221;on&#8221; use_custom_gutter=&#8221;off&#8221; custom_padding=&#8221;0px||1%|&#8221; padding_mobile=&#8221;off&#8221; allow_player_pause=&#8221;off&#8221; parallax=&#8221;off&#8221; parallax_method=&#8221;off&#8221; make_equal=&#8221;off&#8221; parallax_1=&#8221;off&#8221; parallax_method_1=&#8221;off&#8221; column_padding_mobile=&#8221;on&#8221; disabled=&#8221;off&#8221; disabled_on=&#8221;on||&#8221;][et_pb_column type=&#8221;4_4&#8243;][et_pb_text admin_label=&#8221;Text&#8221; background_layout=&#8221;light&#8221; text_orientation=&#8221;center&#8221; header_font=&#8221;Montserrat|on|||&#8221; header_text_color=&#8221;#079a97&#8243; use_border_color=&#8221;off&#8221; border_color=&#8221;#ffffff&#8221; border_style=&#8221;solid&#8221; text_font=&#8221;Montserrat|on|||&#8221; text_font_size=&#8221;30&#8243;]<\/p>\n<h2>Our Team<\/h2>\n<h2><\/h2>\n<p>[\/et_pb_text][\/et_pb_column][\/et_pb_row][et_pb_row admin_label=&#8221;Row&#8221; make_fullwidth=&#8221;off&#8221; use_custom_width=&#8221;off&#8221; width_unit=&#8221;on&#8221; use_custom_gutter=&#8221;off&#8221; custom_padding=&#8221;0px||0px|&#8221; padding_mobile=&#8221;on&#8221; allow_player_pause=&#8221;off&#8221; parallax=&#8221;off&#8221; parallax_method=&#8221;off&#8221; make_equal=&#8221;off&#8221; parallax_1=&#8221;off&#8221; parallax_method_1=&#8221;off&#8221; column_padding_mobile=&#8221;on&#8221; disabled=&#8221;off&#8221; disabled_on=&#8221;|on|on&#8221; custom_padding_last_edited=&#8221;on|desktop&#8221;][et_pb_column type=&#8221;4_4&#8243;][et_pb_text admin_label=&#8221;Text&#8221; background_layout=&#8221;light&#8221; text_orientation=&#8221;center&#8221; header_font=&#8221;Montserrat|on|||&#8221; header_text_color=&#8221;#079a97&#8243; use_border_color=&#8221;off&#8221; border_color=&#8221;#ffffff&#8221; border_style=&#8221;solid&#8221; text_font=&#8221;Montserrat|on|||&#8221; text_font_size=&#8221;30&#8243;]<\/p>\n<h2>Our Team<\/h2>\n<p>[\/et_pb_text][\/et_pb_column][\/et_pb_row][et_pb_row admin_label=&#8221;row&#8221; make_fullwidth=&#8221;off&#8221; use_custom_width=&#8221;on&#8221; width_unit=&#8221;off&#8221; custom_width_percent=&#8221;100%&#8221; use_custom_gutter=&#8221;on&#8221; padding_mobile=&#8221;on&#8221; allow_player_pause=&#8221;off&#8221; parallax=&#8221;off&#8221; parallax_method=&#8221;off&#8221; make_equal=&#8221;off&#8221; parallax_1=&#8221;off&#8221; parallax_method_1=&#8221;off&#8221; parallax_2=&#8221;off&#8221; parallax_method_2=&#8221;off&#8221; parallax_3=&#8221;off&#8221; parallax_method_3=&#8221;off&#8221; column_padding_mobile=&#8221;on&#8221; custom_padding=&#8221;|3.5%|1%|&#8221; custom_padding_last_edited=&#8221;on|phone&#8221; custom_padding_phone=&#8221;|3.5%|0px|&#8221;][et_pb_column type=&#8221;1_3&#8243;][et_pb_team_member admin_label=&#8221;Team Member&#8221; name=&#8221;Fernando Dorgan&#8221; image_url=&#8221;https:\/\/proyesco.com\/wp-content\/uploads\/2016\/08\/funder_blank.jpg&#8221; animation=&#8221;fade_in&#8221; background_layout=&#8221;light&#8221; linkedin_url=&#8221;https:\/\/www.linkedin.com\/in\/fernandodorgan&#8221; header_font=&#8221;Montserrat|on|||&#8221; header_text_color=&#8221;#079a97&#8243; body_font_size=&#8221;18&#8243; body_line_height=&#8221;1.4em&#8221; use_border_color=&#8221;off&#8221; border_color=&#8221;#ffffff&#8221; border_style=&#8221;solid&#8221; body_text_color=&#8221;#5c5c5c&#8221;]<\/p>\n<p>Ingeniero electr\u00f3nico, MBA, con 25 a\u00f1os de experiencia en sistemas de control aplicados a la industria energ\u00e9tica.<\/p>\n<p>[\/et_pb_team_member][\/et_pb_column][et_pb_column type=&#8221;1_3&#8243;][et_pb_team_member admin_label=&#8221;Team Member&#8221; name=&#8221;Leopoldo Fern\u00e1ndez Su\u00e1rez&#8221; image_url=&#8221;https:\/\/proyesco.com\/wp-content\/uploads\/2016\/08\/funder_blank.jpg&#8221; animation=&#8221;fade_in&#8221; background_layout=&#8221;light&#8221; linkedin_url=&#8221;https:\/\/www.linkedin.com\/in\/leopoldo-fernandez-suarez-a7a085a&#8221; header_font=&#8221;Montserrat|on|||&#8221; header_text_color=&#8221;#079a97&#8243; body_font_size=&#8221;18&#8243; body_line_height=&#8221;1.4em&#8221; use_border_color=&#8221;off&#8221; border_color=&#8221;#ffffff&#8221; border_style=&#8221;solid&#8221; body_text_color=&#8221;#5c5c5c&#8221;]<\/p>\n<p>Ingeniero electr\u00f3nico, Posgrados en Telecomunicaciones y en Finanzas y HR Management, con 25 a\u00f1os de experiencia en el mercado de las telecomunicaciones.<\/p>\n<p>[\/et_pb_team_member][\/et_pb_column][et_pb_column type=&#8221;1_3&#8243;][et_pb_team_member admin_label=&#8221;Team Member&#8221; name=&#8221; Jorge Alberto Espa\u00f1a&#8221; image_url=&#8221;https:\/\/proyesco.com\/wp-content\/uploads\/2016\/08\/funder_blank.jpg&#8221; animation=&#8221;fade_in&#8221; background_layout=&#8221;light&#8221; header_font=&#8221;Montserrat|on|||&#8221; header_text_color=&#8221;#079a97&#8243; body_font_size=&#8221;18&#8243; body_line_height=&#8221;1.4em&#8221; use_border_color=&#8221;off&#8221; border_color=&#8221;#ffffff&#8221; border_style=&#8221;solid&#8221; body_text_color=&#8221;#5c5c5c&#8221;]<\/p>\n<p>Ingeniero electromec\u00e1nico con m\u00e1s de 40 a\u00f1os de experiencia en la industria de petr\u00f3leo y gas.<\/p>\n<p>[\/et_pb_team_member][\/et_pb_column][\/et_pb_row][\/et_pb_section]<\/p>","protected":false},"excerpt":{"rendered":"<p>[et_pb_section admin_label=&#8221;Section&#8221; fullwidth=&#8221;off&#8221; specialty=&#8221;off&#8221; transparent_background=&#8221;off&#8221; background_color=&#8221;#ffffff&#8221; allow_player_pause=&#8221;off&#8221; inner_shadow=&#8221;off&#8221; parallax=&#8221;off&#8221; parallax_method=&#8221;off&#8221; padding_mobile=&#8221;on&#8221; make_fullwidth=&#8221;off&#8221; use_custom_width=&#8221;off&#8221; width_unit=&#8221;on&#8221; make_equal=&#8221;off&#8221; use_custom_gutter=&#8221;off&#8221; module_class=&#8221;empresa&#8221; custom_padding_last_edited=&#8221;on|desktop&#8221; custom_padding_phone=&#8221;60px||23px|&#8221; custom_padding=&#8221;||0px|&#8221;][et_pb_row admin_label=&#8221;Row&#8221; make_fullwidth=&#8221;off&#8221; use_custom_width=&#8221;off&#8221; width_unit=&#8221;on&#8221; use_custom_gutter=&#8221;off&#8221; padding_mobile=&#8221;off&#8221; disabled=&#8221;off&#8221; disabled_on=&#8221;on|off|&#8221; allow_player_pause=&#8221;off&#8221; parallax=&#8221;off&#8221; parallax_method=&#8221;off&#8221; make_equal=&#8221;off&#8221; parallax_1=&#8221;off&#8221; parallax_method_1=&#8221;off&#8221; parallax_2=&#8221;off&#8221; parallax_method_2=&#8221;off&#8221; column_padding_mobile=&#8221;on&#8221;][et_pb_column type=&#8221;1_2&#8243;][et_pb_text admin_label=&#8221;Text&#8221; background_layout=&#8221;light&#8221; text_orientation=&#8221;left&#8221; header_text_color=&#8221;#079a97&#8243; text_text_color=&#8221;#5e5e5e&#8221; use_border_color=&#8221;off&#8221; border_color=&#8221;#ffffff&#8221; border_style=&#8221;solid&#8221; custom_css_main_element=&#8221;font-family: %22Montserrat Light%22,Verdana,Geneva,sans-serif;&#8221; header_font=&#8221;Montserrat|on|||&#8221; header_font_size=&#8221;64px&#8221; text_font=&#8221;Montserrat||||&#8221; text_font_size=&#8221;18&#8243;] About us [&hellip;]<\/p>\n","protected":false},"author":1,"featured_media":0,"parent":0,"menu_order":0,"comment_status":"closed","ping_status":"closed","template":"","meta":{"footnotes":""},"class_list":["post-4647","page","type-page","status-publish","hentry"],"_links":{"self":[{"href":"https:\/\/proyesco.com\/en\/wp-json\/wp\/v2\/pages\/4647","targetHints":{"allow":["GET"]}}],"collection":[{"href":"https:\/\/proyesco.com\/en\/wp-json\/wp\/v2\/pages"}],"about":[{"href":"https:\/\/proyesco.com\/en\/wp-json\/wp\/v2\/types\/page"}],"author":[{"embeddable":true,"href":"https:\/\/proyesco.com\/en\/wp-json\/wp\/v2\/users\/1"}],"replies":[{"embeddable":true,"href":"https:\/\/proyesco.com\/en\/wp-json\/wp\/v2\/comments?post=4647"}],"version-history":[{"count":45,"href":"https:\/\/proyesco.com\/en\/wp-json\/wp\/v2\/pages\/4647\/revisions"}],"predecessor-version":[{"id":5417,"href":"https:\/\/proyesco.com\/en\/wp-json\/wp\/v2\/pages\/4647\/revisions\/5417"}],"wp:attachment":[{"href":"https:\/\/proyesco.com\/en\/wp-json\/wp\/v2\/media?parent=4647"}],"curies":[{"name":"wp","href":"https:\/\/api.w.org\/{rel}","templated":true}]}}